{"id":1072,"date":"2025-12-27T19:45:04","date_gmt":"2025-12-27T19:45:04","guid":{"rendered":"https:\/\/choya.es\/?page_id=1072"},"modified":"2025-12-28T21:02:49","modified_gmt":"2025-12-28T21:02:49","slug":"unete-a-nosotros","status":"publish","type":"page","link":"https:\/\/choya.es\/index.php\/unete-a-nosotros\/","title":{"rendered":"\u00danete a nosotros"},"content":{"rendered":"<p><div class=\"fusion-fullwidth fullwidth-box fusion-builder-row-1 fusion-flex-container has-pattern-background has-mask-background fusion-parallax-none nonhundred-percent-fullwidth non-hundred-percent-height-scrolling lazyload fusion-animated\" style=\"--awb-background-position:center bottom;--awb-border-radius-top-left:0px;--awb-border-radius-top-right:0px;--awb-border-radius-bottom-right:0px;--awb-border-radius-bottom-left:0px;--awb-padding-top:18vw;--awb-padding-bottom:18vw;--awb-margin-top:-60px;--awb-margin-bottom:0px;--awb-background-image:linear-gradient(180deg, hsla(var(--awb-color7-h),var(--awb-color7-s),var(--awb-color7-l),calc(var(--awb-color7-a) - 85%)) 0%,hsla(var(--awb-color7-h),var(--awb-color7-s),var(--awb-color7-l),calc(var(--awb-color7-a) - 55%)) 100%);;--awb-background-size:cover;--awb-flex-wrap:wrap;--awb-animation-color:var(--awb-color7);\" data-bg=\"https:\/\/choya.es\/wp-content\/uploads\/2025\/12\/choya-slide_024_IMG_0032.jpg\" data-bg-gradient=\"linear-gradient(180deg, hsla(var(--awb-color7-h),var(--awb-color7-s),var(--awb-color7-l),calc(var(--awb-color7-a) - 85%)) 0%,hsla(var(--awb-color7-h),var(--awb-color7-s),var(--awb-color7-l),calc(var(--awb-color7-a) - 55%)) 100%)\" data-animationType=\"revealInLeft\" data-animationDuration=\"1.3\" data-animationOffset=\"top-into-view\" ><div class=\"fusion-builder-row fusion-row fusion-flex-align-items-stretch fusion-flex-justify-content-center fusion-flex-content-wrap\" style=\"max-width:calc( 1200px + 0px );margin-left: calc(-0px \/ 2 );margin-right: calc(-0px \/ 2 );\"><div class=\"fusion-layout-column fusion_builder_column fusion-builder-column-0 fusion_builder_column_1_1 1_1 fusion-flex-column\" style=\"--awb-bg-size:cover;--awb-width-large:100%;--awb-margin-top-large:0px;--awb-spacing-right-large:0px;--awb-margin-bottom-large:20px;--awb-spacing-left-large:0px;--awb-width-medium:100%;--awb-order-medium:0;--awb-spacing-right-medium:0px;--awb-spacing-left-medium:0px;--awb-width-small:100%;--awb-order-small:0;--awb-spacing-right-small:0px;--awb-spacing-left-small:0px;\" data-scroll-devices=\"small-visibility,medium-visibility,large-visibility\"><div class=\"fusion-column-wrapper fusion-column-has-shadow fusion-flex-justify-content-flex-start fusion-content-layout-column\"><div class=\"fusion-title title fusion-title-1 fusion-no-small-visibility fusion-sep-none fusion-title-center fusion-title-text fusion-title-size-one\" style=\"--awb-text-color:var(--awb-color1);--awb-margin-top:0px;--awb-margin-bottom:0px;\"><h1 class=\"fusion-title-heading title-heading-center\" style=\"margin:0;text-transform:none;\">\u00danete a nosotros<\/h1><\/div><div class=\"fusion-title title fusion-title-2 fusion-no-medium-visibility fusion-no-large-visibility fusion-sep-none fusion-title-center fusion-title-text fusion-title-size-one\" style=\"--awb-text-color:var(--awb-color1);--awb-margin-top:0px;--awb-margin-bottom:0px;--awb-font-size:40px;\"><h1 class=\"fusion-title-heading title-heading-center\" style=\"font-family:var(--awb-typography1-font-family);font-weight:var(--awb-typography1-font-weight);font-style:var(--awb-typography1-font-style);margin:0;font-size:1em;letter-spacing:var(--awb-typography1-letter-spacing);text-transform:none;line-height:52px;\">\u00danete a nosotros<\/h1><\/div><\/div><\/div><\/div><\/div><div class=\"fusion-fullwidth fullwidth-box fusion-builder-row-2 fusion-flex-container has-pattern-background has-mask-background fusion-parallax-none nonhundred-percent-fullwidth non-hundred-percent-height-scrolling lazyload\" style=\"--awb-border-radius-top-left:0px;--awb-border-radius-top-right:0px;--awb-border-radius-bottom-right:0px;--awb-border-radius-bottom-left:0px;--awb-background-size:cover;--awb-flex-wrap:wrap;\" data-bg=\"https:\/\/choya.es\/wp-content\/uploads\/2023\/04\/info-bg.svg\" ><div class=\"fusion-builder-row fusion-row fusion-flex-align-items-flex-start fusion-flex-content-wrap\" style=\"max-width:1248px;margin-left: calc(-4% \/ 2 );margin-right: calc(-4% \/ 2 );\"><div class=\"fusion-layout-column fusion_builder_column fusion-builder-column-1 fusion_builder_column_1_1 1_1 fusion-flex-column\" style=\"--awb-padding-top:60px;--awb-bg-size:cover;--awb-width-large:100%;--awb-margin-top-large:0px;--awb-spacing-right-large:1.92%;--awb-margin-bottom-large:0px;--awb-spacing-left-large:1.92%;--awb-width-medium:100%;--awb-order-medium:0;--awb-spacing-right-medium:1.92%;--awb-spacing-left-medium:1.92%;--awb-width-small:100%;--awb-order-small:0;--awb-spacing-right-small:1.92%;--awb-spacing-left-small:1.92%;\" data-scroll-devices=\"small-visibility,medium-visibility,large-visibility\"><div class=\"fusion-column-wrapper fusion-column-has-shadow fusion-flex-justify-content-flex-start fusion-content-layout-column\"><div class=\"fusion-text fusion-text-1\"><p>Formar parte del Grupo Monta\u00f1ero Choya es muy sencillo, basta rellenar unos breves datos personales e ingresar una reducida cuota de inscripci\u00f3n. La inscripci\u00f3n de socio tiene una validez de un a\u00f1o natural, es decir, caduca el 31 de diciembre del a\u00f1o en que se haya obtenido, independientemente del momento del a\u00f1o es que se ha hecho la inscripci\u00f3n.<\/p>\n<p>La cuota de inscripci\u00f3n del club es de 20\u20ac anuales y en caso de ser menor de edad quedar\u00e1s exento del pago de la misma.<\/p>\n<p>Por otra parte, una de las directrices fundamentales del Grupo Monta\u00f1ero Choya es que la pr\u00e1ctica de todas las modalidades deportivas que engloba sean regladas y realizadas de forma responsable y segura. Para ello el club esta suscrito a la Federaci\u00f3n de Salto del Pastor Canario, a la Federaci\u00f3n Tinerfe\u00f1a de Monta\u00f1ismo y a la Federaci\u00f3n Canaria de Monta\u00f1ismo.<\/p>\n<p>Las federaciones ofrecen a los socios del club la posibilidad de suscribir licencias federativas que llevan incluidas seguros anuales de atenci\u00f3n m\u00e9dica y seguros de responsabilidad civil por unos precios m\u00f3dicos que nos permiten realizar nuestras actividades de forma responsable y segura.<br \/>\n&nbsp;<\/p>\n<p style=\"text-align: center;\"><strong>Licencia federativa de monta\u00f1ismo 2026<\/strong><\/p>\n<table style=\"margin-left: auto; margin-right: auto;\" border=\"2\" cellspacing=\"3px\" cellpadding=\"3px\">\n<tbody>\n<tr>\n<td style=\"text-align: center;\"><strong>Modalidad<\/strong><\/td>\n<td style=\"text-align: center;\"><strong>Mayores<\/strong><br \/>\n<strong>(+18)<\/strong><\/td>\n<td style=\"text-align: center;\"><strong>Juveniles<\/strong><br \/>\n<strong>(14 a 17)<\/strong><\/td>\n<td style=\"text-align: center;\"><strong>Infantiles<\/strong><br \/>\n<strong>(-13)<\/strong><\/td>\n<\/tr>\n<tr>\n<td style=\"text-align: left;\"><strong>AU (Canarias)<\/strong><\/td>\n<td style=\"text-align: center;\">37,00\u20ac<\/td>\n<td style=\"text-align: center;\">15,00\u20ac<\/td>\n<td style=\"text-align: center;\">14,00\u20ac<\/td>\n<\/tr>\n<tr>\n<td style=\"text-align: left;\"><strong>A (Espa\u00f1a)<\/strong><\/td>\n<td style=\"text-align: center;\">68,00\u20ac<\/td>\n<td style=\"text-align: center;\">39,00\u20ac<\/td>\n<td style=\"text-align: center;\">26,00\u20ac<\/td>\n<\/tr>\n<tr>\n<td style=\"text-align: left;\"><strong>B (Espa\u00f1a Plus)<\/strong><\/td>\n<td style=\"text-align: center;\">86,00\u20ac<\/td>\n<td style=\"text-align: center;\">57,00\u20ac<\/td>\n<td style=\"text-align: center;\">29,00\u20ac<\/td>\n<\/tr>\n<tr>\n<td style=\"text-align: left;\"><strong>C (Europa Plus)<\/strong><\/td>\n<td style=\"text-align: center;\">129,00\u20ac<\/td>\n<td style=\"text-align: center;\">101,00\u20ac<\/td>\n<td style=\"text-align: center;\">86,00\u20ac<\/td>\n<\/tr>\n<tr>\n<td style=\"text-align: left;\"><strong>D (Mundial)<\/strong><\/td>\n<td style=\"text-align: center;\">198,00\u20ac<\/td>\n<td style=\"text-align: center;\">NO<\/td>\n<td style=\"text-align: center;\">NO<\/td>\n<\/tr>\n<tr>\n<td style=\"text-align: left;\"><strong>E (Mundial Plus)<\/strong><\/td>\n<td style=\"text-align: center;\">706,00\u20ac<\/td>\n<td style=\"text-align: center;\">NO<\/td>\n<td style=\"text-align: center;\">NO<\/td>\n<\/tr>\n<\/tbody>\n<\/table>\n<p>&nbsp;<\/p>\n<p style=\"text-align: center;\"><strong>Los \u00e1mbitos territoriales para la licencia de monta\u00f1ismo son los siguientes:<\/strong><\/p>\n<table style=\"margin-left: auto; margin-right: auto;\" border=\"2\" cellspacing=\"3px\" cellpadding=\"3px\">\n<tbody>\n<tr>\n<td style=\"text-align: center; width: 60.9792px;\"><strong>AU<\/strong><br \/>\n<strong>(Canarias)<\/strong><\/td>\n<td style=\"text-align: center; width: 50.5521px;\"><strong>A<\/strong><br \/>\n<strong>(Espa\u00f1a)<\/strong><\/td>\n<td style=\"text-align: center; width: 106.698px;\"><strong>B<\/strong><br \/>\n<strong>(Espa\u00f1a Plus)<\/strong><\/td>\n<td style=\"text-align: center; width: 128.292px;\"><strong>C<\/strong><br \/>\n<strong>(Europa Plus)<\/strong><\/td>\n<td style=\"text-align: center; width: 265.271px;\"><strong>D<\/strong><br \/>\n<strong>(Mundial)<\/strong><\/td>\n<td style=\"text-align: center; width: 263.021px;\"><strong>E<\/strong><br \/>\n<strong>(Mundial Plus)<\/strong><\/td>\n<\/tr>\n<tr>\n<td style=\"text-align: center; width: 60.9792px;\">Canarias<\/td>\n<td style=\"text-align: center; width: 50.5521px;\">Espa\u00f1a<\/td>\n<td style=\"text-align: center; width: 106.698px;\">Espa\u00f1a<br \/>\nAndorra<br \/>\nPirineo Franc\u00e9s<br \/>\nPortugal y<br \/>\nMarruecos<\/td>\n<td style=\"text-align: center; width: 128.292px;\">Europa, Andorra y<br \/>\nMarruecos<\/td>\n<td style=\"text-align: center; width: 265.271px;\">Mundial Excluidas Cumbre &gt; 7.000 m<br \/>\nExcluidas Expediciones Polares<\/td>\n<td style=\"text-align: center; width: 263.021px;\">Mundial Incluidas Cumbre &gt; 7.000 m<br \/>\nIncluidas Expediciones Polares<\/td>\n<\/tr>\n<\/tbody>\n<\/table>\n<p>&nbsp;<br \/>\nTODAS LAS MODALIDADES desde AU (Canarias) como el resto de FEDME incluyen: Excursionismo, campamentos, marchas, senderismo, monta\u00f1a, marcha n\u00f3rdica, BTT, roc\u00f3dromo, canicross, alpinismo, escalada, barrancos, carreras por monta\u00f1a, espeleolog\u00eda, raquetas, esqu\u00ed, snow, v\u00edas ferratas y splitboard.<\/p>\n<p style=\"text-align: center;\"><a title=\"Consulta aqu\u00ed la p\u00f3liza de seguros\" href=\"https:\/\/fecamon.es\/doc_licencia_fede\/Poliza_Renovacion_Fecamon_2025.pdf\" target=\"_blank\" rel=\"noopener\">Consulta aqu\u00ed la p\u00f3liza de seguros<\/a><br \/>\n<a title=\"Protocolo de accidentes\" href=\"https:\/\/deportes.howdeniberia.com\/wp-content\/uploads\/2025\/01\/Protocolo-Fecamon-2025.pdf\" target=\"_blank\" rel=\"noopener\">Protocolo de accidentes<\/a><br \/>\n<a title=\"Parte de accidente\" href=\"https:\/\/deportes.howdeniberia.com\/federacion-canaria-montanismo\/\" target=\"_blank\" rel=\"noopener\">Parte de accidente<\/a><br \/>\n<a title=\"Resumen de coberturas\" href=\"https:\/\/deportes.howdeniberia.com\/wp-content\/uploads\/2019\/01\/resumen-de-coberturas-casilla4.pdf\" target=\"_blank\" rel=\"noopener\">Resumen de coberturas<\/a><br \/>\n<a title=\"Consulta aqu\u00ed los centros concertados\" href=\"https:\/\/deportes.howdeniberia.com\/wp-content\/uploads\/2024\/12\/Guia-de-Procedimientos-y-Centros-Medico-Hospitalarios-Concertados-1-DEF.pdf\" target=\"_blank\" rel=\"noopener\">Consulta aqu\u00ed los centros concertados<\/a><br \/>\n<a title=\"+ informaci\u00f3n acerca de la licencia de monta\u00f1ismo\" href=\"https:\/\/www.howdeniberia.com\/federacion-canaria-montanismo\/\" target=\"_blank\" rel=\"noopener\">+ informaci\u00f3n acerca de la licencia de monta\u00f1ismo<\/a><\/p>\n<p style=\"text-align: center;\">Para formalizar tu inscripci\u00f3n en el club debes rellenar el siguiente formulario y seguir las instrucciones.<\/p>\n<p style=\"text-align: center;\">En esta direcci\u00f3n web podr\u00e1s activar y descargar la Licencia Digital:<\/p>\n<p style=\"text-align: center;\"><a title=\"Activaci\u00f3n y descarga de la Licencia Digital\" href=\"http:\/\/fecamon.trackingsport.com\/licencias-web\/index.xhtml?wf=1\" target=\"_blank\" rel=\"noopener\">Activaci\u00f3n y descarga de la Licencia Digital<\/a><\/p>\n<p style=\"text-align: center;\"><img class=\"lazyload\" decoding=\"async\" src=\"data:image\/svg+xml,%3Csvg%20xmlns%3D%27http%3A%2F%2Fwww.w3.org%2F2000%2Fsvg%27%20width%3D%27400%27%20height%3D%27262%27%20viewBox%3D%270%200%20400%20262%27%3E%3Crect%20width%3D%27400%27%20height%3D%27262%27%20fill-opacity%3D%220%22%2F%3E%3C%2Fsvg%3E\" data-orig-src=\"https:\/\/www.choya.es\/spaimagenes\/Licencias2026.jpg\" alt=\"Licencias monta\u00f1a 2026\" width=\"400\" height=\"262\" \/><\/p>\n<\/div><\/div><\/div><\/div><\/div><\/p>\n","protected":false},"excerpt":{"rendered":"","protected":false},"author":1,"featured_media":0,"parent":0,"menu_order":0,"comment_status":"closed","ping_status":"closed","template":"100-width.php","meta":{"footnotes":""},"class_list":["post-1072","page","type-page","status-publish","hentry"],"yoast_head":"<!-- This site is optimized with the Yoast SEO plugin v27.3 - https:\/\/yoast.com\/product\/yoast-seo-wordpress\/ -->\n<title>\u00danete a nosotros - Grupo Monta\u00f1ero Choya<\/title>\n<meta name=\"robots\" content=\"index, follow, max-snippet:-1, max-image-preview:large, max-video-preview:-1\" \/>\n<link rel=\"canonical\" href=\"https:\/\/choya.es\/index.php\/unete-a-nosotros\/\" \/>\n<meta property=\"og:locale\" content=\"es_ES\" \/>\n<meta property=\"og:type\" content=\"article\" \/>\n<meta property=\"og:title\" content=\"\u00danete a nosotros - Grupo Monta\u00f1ero Choya\" \/>\n<meta property=\"og:url\" content=\"https:\/\/choya.es\/index.php\/unete-a-nosotros\/\" \/>\n<meta property=\"og:site_name\" content=\"Grupo Monta\u00f1ero Choya\" \/>\n<meta property=\"article:modified_time\" content=\"2025-12-28T21:02:49+00:00\" \/>\n<meta property=\"og:image\" content=\"https:\/\/www.choya.es\/spaimagenes\/Licencias2026.jpg\" \/>\n<meta name=\"twitter:card\" content=\"summary_large_image\" \/>\n<meta name=\"twitter:label1\" content=\"Tiempo de lectura\" \/>\n\t<meta name=\"twitter:data1\" content=\"2 minutos\" \/>\n<script type=\"application\/ld+json\" class=\"yoast-schema-graph\">{\"@context\":\"https:\\\/\\\/schema.org\",\"@graph\":[{\"@type\":\"WebPage\",\"@id\":\"https:\\\/\\\/choya.es\\\/index.php\\\/unete-a-nosotros\\\/\",\"url\":\"https:\\\/\\\/choya.es\\\/index.php\\\/unete-a-nosotros\\\/\",\"name\":\"\u00danete a nosotros - Grupo Monta\u00f1ero Choya\",\"isPartOf\":{\"@id\":\"https:\\\/\\\/choya.es\\\/#website\"},\"primaryImageOfPage\":{\"@id\":\"https:\\\/\\\/choya.es\\\/index.php\\\/unete-a-nosotros\\\/#primaryimage\"},\"image\":{\"@id\":\"https:\\\/\\\/choya.es\\\/index.php\\\/unete-a-nosotros\\\/#primaryimage\"},\"thumbnailUrl\":\"https:\\\/\\\/www.choya.es\\\/spaimagenes\\\/Licencias2026.jpg\",\"datePublished\":\"2025-12-27T19:45:04+00:00\",\"dateModified\":\"2025-12-28T21:02:49+00:00\",\"breadcrumb\":{\"@id\":\"https:\\\/\\\/choya.es\\\/index.php\\\/unete-a-nosotros\\\/#breadcrumb\"},\"inLanguage\":\"es\",\"potentialAction\":[{\"@type\":\"ReadAction\",\"target\":[\"https:\\\/\\\/choya.es\\\/index.php\\\/unete-a-nosotros\\\/\"]}]},{\"@type\":\"ImageObject\",\"inLanguage\":\"es\",\"@id\":\"https:\\\/\\\/choya.es\\\/index.php\\\/unete-a-nosotros\\\/#primaryimage\",\"url\":\"https:\\\/\\\/www.choya.es\\\/spaimagenes\\\/Licencias2026.jpg\",\"contentUrl\":\"https:\\\/\\\/www.choya.es\\\/spaimagenes\\\/Licencias2026.jpg\"},{\"@type\":\"BreadcrumbList\",\"@id\":\"https:\\\/\\\/choya.es\\\/index.php\\\/unete-a-nosotros\\\/#breadcrumb\",\"itemListElement\":[{\"@type\":\"ListItem\",\"position\":1,\"name\":\"Portada\",\"item\":\"https:\\\/\\\/choya.es\\\/\"},{\"@type\":\"ListItem\",\"position\":2,\"name\":\"\u00danete a nosotros\"}]},{\"@type\":\"WebSite\",\"@id\":\"https:\\\/\\\/choya.es\\\/#website\",\"url\":\"https:\\\/\\\/choya.es\\\/\",\"name\":\"Grupo Monta\u00f1ero Choya\",\"description\":\"\",\"potentialAction\":[{\"@type\":\"SearchAction\",\"target\":{\"@type\":\"EntryPoint\",\"urlTemplate\":\"https:\\\/\\\/choya.es\\\/?s={search_term_string}\"},\"query-input\":{\"@type\":\"PropertyValueSpecification\",\"valueRequired\":true,\"valueName\":\"search_term_string\"}}],\"inLanguage\":\"es\"}]}<\/script>\n<!-- \/ Yoast SEO plugin. -->","yoast_head_json":{"title":"\u00danete a nosotros - Grupo Monta\u00f1ero Choya","robots":{"index":"index","follow":"follow","max-snippet":"max-snippet:-1","max-image-preview":"max-image-preview:large","max-video-preview":"max-video-preview:-1"},"canonical":"https:\/\/choya.es\/index.php\/unete-a-nosotros\/","og_locale":"es_ES","og_type":"article","og_title":"\u00danete a nosotros - Grupo Monta\u00f1ero Choya","og_url":"https:\/\/choya.es\/index.php\/unete-a-nosotros\/","og_site_name":"Grupo Monta\u00f1ero Choya","article_modified_time":"2025-12-28T21:02:49+00:00","og_image":[{"url":"https:\/\/www.choya.es\/spaimagenes\/Licencias2026.jpg","type":"","width":"","height":""}],"twitter_card":"summary_large_image","twitter_misc":{"Tiempo de lectura":"2 minutos"},"schema":{"@context":"https:\/\/schema.org","@graph":[{"@type":"WebPage","@id":"https:\/\/choya.es\/index.php\/unete-a-nosotros\/","url":"https:\/\/choya.es\/index.php\/unete-a-nosotros\/","name":"\u00danete a nosotros - Grupo Monta\u00f1ero Choya","isPartOf":{"@id":"https:\/\/choya.es\/#website"},"primaryImageOfPage":{"@id":"https:\/\/choya.es\/index.php\/unete-a-nosotros\/#primaryimage"},"image":{"@id":"https:\/\/choya.es\/index.php\/unete-a-nosotros\/#primaryimage"},"thumbnailUrl":"https:\/\/www.choya.es\/spaimagenes\/Licencias2026.jpg","datePublished":"2025-12-27T19:45:04+00:00","dateModified":"2025-12-28T21:02:49+00:00","breadcrumb":{"@id":"https:\/\/choya.es\/index.php\/unete-a-nosotros\/#breadcrumb"},"inLanguage":"es","potentialAction":[{"@type":"ReadAction","target":["https:\/\/choya.es\/index.php\/unete-a-nosotros\/"]}]},{"@type":"ImageObject","inLanguage":"es","@id":"https:\/\/choya.es\/index.php\/unete-a-nosotros\/#primaryimage","url":"https:\/\/www.choya.es\/spaimagenes\/Licencias2026.jpg","contentUrl":"https:\/\/www.choya.es\/spaimagenes\/Licencias2026.jpg"},{"@type":"BreadcrumbList","@id":"https:\/\/choya.es\/index.php\/unete-a-nosotros\/#breadcrumb","itemListElement":[{"@type":"ListItem","position":1,"name":"Portada","item":"https:\/\/choya.es\/"},{"@type":"ListItem","position":2,"name":"\u00danete a nosotros"}]},{"@type":"WebSite","@id":"https:\/\/choya.es\/#website","url":"https:\/\/choya.es\/","name":"Grupo Monta\u00f1ero Choya","description":"","potentialAction":[{"@type":"SearchAction","target":{"@type":"EntryPoint","urlTemplate":"https:\/\/choya.es\/?s={search_term_string}"},"query-input":{"@type":"PropertyValueSpecification","valueRequired":true,"valueName":"search_term_string"}}],"inLanguage":"es"}]}},"_links":{"self":[{"href":"https:\/\/choya.es\/index.php\/wp-json\/wp\/v2\/pages\/1072","targetHints":{"allow":["GET"]}}],"collection":[{"href":"https:\/\/choya.es\/index.php\/wp-json\/wp\/v2\/pages"}],"about":[{"href":"https:\/\/choya.es\/index.php\/wp-json\/wp\/v2\/types\/page"}],"author":[{"embeddable":true,"href":"https:\/\/choya.es\/index.php\/wp-json\/wp\/v2\/users\/1"}],"replies":[{"embeddable":true,"href":"https:\/\/choya.es\/index.php\/wp-json\/wp\/v2\/comments?post=1072"}],"version-history":[{"count":55,"href":"https:\/\/choya.es\/index.php\/wp-json\/wp\/v2\/pages\/1072\/revisions"}],"predecessor-version":[{"id":1431,"href":"https:\/\/choya.es\/index.php\/wp-json\/wp\/v2\/pages\/1072\/revisions\/1431"}],"wp:attachment":[{"href":"https:\/\/choya.es\/index.php\/wp-json\/wp\/v2\/media?parent=1072"}],"curies":[{"name":"wp","href":"https:\/\/api.w.org\/{rel}","templated":true}]}}